{"id":827,"date":"2024-04-21T16:01:34","date_gmt":"2024-04-21T13:01:34","guid":{"rendered":"https:\/\/felipsotomotiv.com.tr\/?post_type=product&#038;p=827"},"modified":"2024-07-09T08:42:12","modified_gmt":"2024-07-09T05:42:12","slug":"yazisiz-sineklik-kromu-fvo202","status":"publish","type":"product","link":"https:\/\/felipsotomotiv.com.tr\/index.php\/urun\/yazisiz-sineklik-kromu-fvo202\/","title":{"rendered":"FVO202 VOLVO \u0130\u00c7\u0130N YAZISIZ S\u0130NEKL\u0130K KROMU FH4 \/ 2013-2020"},"content":{"rendered":"","protected":false},"excerpt":{"rendered":"","protected":false},"featured_media":1811,"comment_status":"open","ping_status":"closed","template":"","meta":[],"product_brand":[],"product_cat":[28],"product_tag":[],"class_list":{"0":"post-827","1":"product","2":"type-product","3":"status-publish","4":"has-post-thumbnail","6":"product_cat-fh4-fh5","8":"first","9":"instock","10":"shipping-taxable","11":"product-type-simple"},"_links":{"self":[{"href":"https:\/\/felipsotomotiv.com.tr\/index.php\/wp-json\/wp\/v2\/product\/827","targetHints":{"allow":["GET"]}}],"collection":[{"href":"https:\/\/felipsotomotiv.com.tr\/index.php\/wp-json\/wp\/v2\/product"}],"about":[{"href":"https:\/\/felipsotomotiv.com.tr\/index.php\/wp-json\/wp\/v2\/types\/product"}],"replies":[{"embeddable":true,"href":"https:\/\/felipsotomotiv.com.tr\/index.php\/wp-json\/wp\/v2\/comments?post=827"}],"wp:featuredmedia":[{"embeddable":true,"href":"https:\/\/felipsotomotiv.com.tr\/index.php\/wp-json\/wp\/v2\/media\/1811"}],"wp:attachment":[{"href":"https:\/\/felipsotomotiv.com.tr\/index.php\/wp-json\/wp\/v2\/media?parent=827"}],"wp:term":[{"taxonomy":"product_brand","embeddable":true,"href":"https:\/\/felipsotomotiv.com.tr\/index.php\/wp-json\/wp\/v2\/product_brand?post=827"},{"taxonomy":"product_cat","embeddable":true,"href":"https:\/\/felipsotomotiv.com.tr\/index.php\/wp-json\/wp\/v2\/product_cat?post=827"},{"taxonomy":"product_tag","embeddable":true,"href":"https:\/\/felipsotomotiv.com.tr\/index.php\/wp-json\/wp\/v2\/product_tag?post=827"}],"curies":[{"name":"wp","href":"https:\/\/api.w.org\/{rel}","templated":true}]}}