{"id":508,"date":"2024-04-21T03:31:38","date_gmt":"2024-04-21T00:31:38","guid":{"rendered":"https:\/\/felipsotomotiv.com.tr\/?post_type=product&#038;p=508"},"modified":"2024-07-17T09:02:26","modified_gmt":"2024-07-17T06:02:26","slug":"on-arma-etrafi-kanatli-ffd123","status":"publish","type":"product","link":"https:\/\/felipsotomotiv.com.tr\/index.php\/urun\/on-arma-etrafi-kanatli-ffd123\/","title":{"rendered":"FFD123 FORD \u0130\u00c7\u0130N \u00d6N ARMA ETRAFI KANATLI CARGO"},"content":{"rendered":"","protected":false},"excerpt":{"rendered":"<p>UNTIL 2019<\/p>\n","protected":false},"featured_media":1993,"comment_status":"open","ping_status":"closed","template":"","meta":[],"product_brand":[],"product_cat":[33],"product_tag":[],"class_list":{"0":"post-508","1":"product","2":"type-product","3":"status-publish","4":"has-post-thumbnail","6":"product_cat-cargo","8":"first","9":"instock","10":"shipping-taxable","11":"product-type-simple"},"_links":{"self":[{"href":"https:\/\/felipsotomotiv.com.tr\/index.php\/wp-json\/wp\/v2\/product\/508","targetHints":{"allow":["GET"]}}],"collection":[{"href":"https:\/\/felipsotomotiv.com.tr\/index.php\/wp-json\/wp\/v2\/product"}],"about":[{"href":"https:\/\/felipsotomotiv.com.tr\/index.php\/wp-json\/wp\/v2\/types\/product"}],"replies":[{"embeddable":true,"href":"https:\/\/felipsotomotiv.com.tr\/index.php\/wp-json\/wp\/v2\/comments?post=508"}],"wp:featuredmedia":[{"embeddable":true,"href":"https:\/\/felipsotomotiv.com.tr\/index.php\/wp-json\/wp\/v2\/media\/1993"}],"wp:attachment":[{"href":"https:\/\/felipsotomotiv.com.tr\/index.php\/wp-json\/wp\/v2\/media?parent=508"}],"wp:term":[{"taxonomy":"product_brand","embeddable":true,"href":"https:\/\/felipsotomotiv.com.tr\/index.php\/wp-json\/wp\/v2\/product_brand?post=508"},{"taxonomy":"product_cat","embeddable":true,"href":"https:\/\/felipsotomotiv.com.tr\/index.php\/wp-json\/wp\/v2\/product_cat?post=508"},{"taxonomy":"product_tag","embeddable":true,"href":"https:\/\/felipsotomotiv.com.tr\/index.php\/wp-json\/wp\/v2\/product_tag?post=508"}],"curies":[{"name":"wp","href":"https:\/\/api.w.org\/{rel}","templated":true}]}}