{"id":489,"date":"2024-04-21T03:28:37","date_gmt":"2024-04-21T00:28:37","guid":{"rendered":"https:\/\/felipsotomotiv.com.tr\/?post_type=product&#038;p=489"},"modified":"2024-07-17T08:42:21","modified_gmt":"2024-07-17T05:42:21","slug":"panjur-ustu-cargo-yazili-cita-ffd118","status":"publish","type":"product","link":"https:\/\/felipsotomotiv.com.tr\/index.php\/urun\/panjur-ustu-cargo-yazili-cita-ffd118\/","title":{"rendered":"FFD118 FORD \u0130\u00c7\u0130N PANJUR \u00dcST\u00dc YAZILI \u00c7ITA CARGO"},"content":{"rendered":"","protected":false},"excerpt":{"rendered":"<p>UNTIL 2019<\/p>\n","protected":false},"featured_media":1988,"comment_status":"open","ping_status":"closed","template":"","meta":[],"product_brand":[],"product_cat":[33],"product_tag":[],"class_list":{"0":"post-489","1":"product","2":"type-product","3":"status-publish","4":"has-post-thumbnail","6":"product_cat-cargo","8":"first","9":"instock","10":"shipping-taxable","11":"product-type-simple"},"_links":{"self":[{"href":"https:\/\/felipsotomotiv.com.tr\/index.php\/wp-json\/wp\/v2\/product\/489","targetHints":{"allow":["GET"]}}],"collection":[{"href":"https:\/\/felipsotomotiv.com.tr\/index.php\/wp-json\/wp\/v2\/product"}],"about":[{"href":"https:\/\/felipsotomotiv.com.tr\/index.php\/wp-json\/wp\/v2\/types\/product"}],"replies":[{"embeddable":true,"href":"https:\/\/felipsotomotiv.com.tr\/index.php\/wp-json\/wp\/v2\/comments?post=489"}],"wp:featuredmedia":[{"embeddable":true,"href":"https:\/\/felipsotomotiv.com.tr\/index.php\/wp-json\/wp\/v2\/media\/1988"}],"wp:attachment":[{"href":"https:\/\/felipsotomotiv.com.tr\/index.php\/wp-json\/wp\/v2\/media?parent=489"}],"wp:term":[{"taxonomy":"product_brand","embeddable":true,"href":"https:\/\/felipsotomotiv.com.tr\/index.php\/wp-json\/wp\/v2\/product_brand?post=489"},{"taxonomy":"product_cat","embeddable":true,"href":"https:\/\/felipsotomotiv.com.tr\/index.php\/wp-json\/wp\/v2\/product_cat?post=489"},{"taxonomy":"product_tag","embeddable":true,"href":"https:\/\/felipsotomotiv.com.tr\/index.php\/wp-json\/wp\/v2\/product_tag?post=489"}],"curies":[{"name":"wp","href":"https:\/\/api.w.org\/{rel}","templated":true}]}}