{"id":2340,"date":"2024-11-27T11:28:52","date_gmt":"2024-11-27T08:28:52","guid":{"rendered":"https:\/\/felipsotomotiv.com.tr\/?post_type=product&#038;p=2340"},"modified":"2025-02-26T13:16:59","modified_gmt":"2025-02-26T10:16:59","slug":"fbsc305-scania-icin-karlik-model-2-orta-ng","status":"publish","type":"product","link":"https:\/\/felipsotomotiv.com.tr\/index.php\/urun\/fbsc305-scania-icin-karlik-model-2-orta-ng\/","title":{"rendered":"FBSC304 SCANIA \u0130\u00c7\u0130N KARLIK MODEL 2 (ORTA) NG"},"content":{"rendered":"","protected":false},"excerpt":{"rendered":"<div class=\"woocommerce-product-details__short-description\">\n<p>Fiberglass bir \u00fcr\u00fcnd\u00fcr.<\/p>\n<\/div>\n","protected":false},"featured_media":2341,"comment_status":"open","ping_status":"closed","template":"","meta":[],"product_brand":[],"product_cat":[42,47],"product_tag":[],"class_list":{"0":"post-2340","1":"product","2":"type-product","3":"status-publish","4":"has-post-thumbnail","6":"product_cat-fiber-rtm","7":"product_cat-yeni-urun","9":"first","10":"instock","11":"shipping-taxable","12":"product-type-simple"},"_links":{"self":[{"href":"https:\/\/felipsotomotiv.com.tr\/index.php\/wp-json\/wp\/v2\/product\/2340","targetHints":{"allow":["GET"]}}],"collection":[{"href":"https:\/\/felipsotomotiv.com.tr\/index.php\/wp-json\/wp\/v2\/product"}],"about":[{"href":"https:\/\/felipsotomotiv.com.tr\/index.php\/wp-json\/wp\/v2\/types\/product"}],"replies":[{"embeddable":true,"href":"https:\/\/felipsotomotiv.com.tr\/index.php\/wp-json\/wp\/v2\/comments?post=2340"}],"wp:featuredmedia":[{"embeddable":true,"href":"https:\/\/felipsotomotiv.com.tr\/index.php\/wp-json\/wp\/v2\/media\/2341"}],"wp:attachment":[{"href":"https:\/\/felipsotomotiv.com.tr\/index.php\/wp-json\/wp\/v2\/media?parent=2340"}],"wp:term":[{"taxonomy":"product_brand","embeddable":true,"href":"https:\/\/felipsotomotiv.com.tr\/index.php\/wp-json\/wp\/v2\/product_brand?post=2340"},{"taxonomy":"product_cat","embeddable":true,"href":"https:\/\/felipsotomotiv.com.tr\/index.php\/wp-json\/wp\/v2\/product_cat?post=2340"},{"taxonomy":"product_tag","embeddable":true,"href":"https:\/\/felipsotomotiv.com.tr\/index.php\/wp-json\/wp\/v2\/product_tag?post=2340"}],"curies":[{"name":"wp","href":"https:\/\/api.w.org\/{rel}","templated":true}]}}