{"id":1027,"date":"2024-04-21T17:25:06","date_gmt":"2024-04-21T14:25:06","guid":{"rendered":"https:\/\/felipsotomotiv.com.tr\/?post_type=product&#038;p=1027"},"modified":"2024-07-11T16:29:03","modified_gmt":"2024-07-11T13:29:03","slug":"panjur-ustu-kromu-fvo241","status":"publish","type":"product","link":"https:\/\/felipsotomotiv.com.tr\/index.php\/urun\/panjur-ustu-kromu-fvo241\/","title":{"rendered":"FVO241 VOLVO \u0130\u00c7\u0130N PANJUR \u00dcST\u00dc KROMU FH \/ 2021"},"content":{"rendered":"","protected":false},"excerpt":{"rendered":"","protected":false},"featured_media":1855,"comment_status":"open","ping_status":"closed","template":"","meta":[],"product_brand":[],"product_cat":[28],"product_tag":[],"class_list":{"0":"post-1027","1":"product","2":"type-product","3":"status-publish","4":"has-post-thumbnail","6":"product_cat-fh4-fh5","8":"first","9":"instock","10":"shipping-taxable","11":"product-type-simple"},"_links":{"self":[{"href":"https:\/\/felipsotomotiv.com.tr\/index.php\/wp-json\/wp\/v2\/product\/1027","targetHints":{"allow":["GET"]}}],"collection":[{"href":"https:\/\/felipsotomotiv.com.tr\/index.php\/wp-json\/wp\/v2\/product"}],"about":[{"href":"https:\/\/felipsotomotiv.com.tr\/index.php\/wp-json\/wp\/v2\/types\/product"}],"replies":[{"embeddable":true,"href":"https:\/\/felipsotomotiv.com.tr\/index.php\/wp-json\/wp\/v2\/comments?post=1027"}],"wp:featuredmedia":[{"embeddable":true,"href":"https:\/\/felipsotomotiv.com.tr\/index.php\/wp-json\/wp\/v2\/media\/1855"}],"wp:attachment":[{"href":"https:\/\/felipsotomotiv.com.tr\/index.php\/wp-json\/wp\/v2\/media?parent=1027"}],"wp:term":[{"taxonomy":"product_brand","embeddable":true,"href":"https:\/\/felipsotomotiv.com.tr\/index.php\/wp-json\/wp\/v2\/product_brand?post=1027"},{"taxonomy":"product_cat","embeddable":true,"href":"https:\/\/felipsotomotiv.com.tr\/index.php\/wp-json\/wp\/v2\/product_cat?post=1027"},{"taxonomy":"product_tag","embeddable":true,"href":"https:\/\/felipsotomotiv.com.tr\/index.php\/wp-json\/wp\/v2\/product_tag?post=1027"}],"curies":[{"name":"wp","href":"https:\/\/api.w.org\/{rel}","templated":true}]}}