{"id":1082,"date":"2024-04-21T17:41:01","date_gmt":"2024-04-21T14:41:01","guid":{"rendered":"https:\/\/felipsotomotiv.com.tr\/?page_id=1082"},"modified":"2024-04-21T19:35:40","modified_gmt":"2024-04-21T16:35:40","slug":"mercedes-ic-mekan-aksesuarlari","status":"publish","type":"page","link":"https:\/\/felipsotomotiv.com.tr\/index.php\/mercedes-ic-mekan-aksesuarlari\/","title":{"rendered":"Mercedes \u0130\u00e7 Mekan Aksesuarlar\u0131"},"content":{"rendered":"\n<div class=\"wp-block-query is-layout-flow wp-block-query-is-layout-flow\"><ul class=\"columns-4 wp-block-post-template is-layout-grid wp-container-core-post-template-is-layout-e7fd85f5 wp-block-post-template-is-layout-grid\"><li class=\"wp-block-post post-1086 product type-product status-publish has-post-thumbnail product_cat-mercedes-ic-mekan-aksesuarlari first instock shipping-taxable product-type-simple\">\n<div data-block-name=\"woocommerce\/product-image\" data-is-descendent-of-query-loop=\"true\" class=\"wc-block-components-product-image wc-block-grid__product-image wc-block-components-product-image--aspect-ratio-auto wp-block-woocommerce-product-image\"><a href=\"https:\/\/felipsotomotiv.com.tr\/index.php\/urun\/havalandirma-cerceve-kromu-4-parca-fnme101\/\" style=\"\" data-wp-on--click=\"woocommerce\/product-collection::actions.viewProduct\"><img decoding=\"async\" width=\"600\" height=\"600\" src=\"https:\/\/felipsotomotiv.com.tr\/wp-content\/uploads\/2024\/04\/FNME101_B-1-600x600.jpg\" class=\"attachment-woocommerce_single size-woocommerce_single\" alt=\"FNME101  MERCEDES-BENZ \u0130\u00c7\u0130N  HAVALANDIRMA \u00c7ER\u00c7EVE KROMU 4 PAR\u00c7A (PRESL\u0130) ACTROS 1845\" data-testid=\"product-image\" data-image-id=\"2105\" style=\"object-fit:cover;\" loading=\"lazy\" srcset=\"https:\/\/felipsotomotiv.com.tr\/wp-content\/uploads\/2024\/04\/FNME101_B-1-600x600.jpg 600w, https:\/\/felipsotomotiv.com.tr\/wp-content\/uploads\/2024\/04\/FNME101_B-1-300x300.jpg 300w, https:\/\/felipsotomotiv.com.tr\/wp-content\/uploads\/2024\/04\/FNME101_B-1-150x150.jpg 150w, https:\/\/felipsotomotiv.com.tr\/wp-content\/uploads\/2024\/04\/FNME101_B-1.jpg 1000w\" sizes=\"auto, 100vw\" \/><div class=\"wc-block-components-product-image__inner-container\"><\/div><\/a><\/div>\n\n<h3 style=\"margin-bottom:0.75rem;margin-top:0;\" class=\"has-text-align-center wp-block-post-title has-medium-font-size\"><a href=\"https:\/\/felipsotomotiv.com.tr\/index.php\/urun\/havalandirma-cerceve-kromu-4-parca-fnme101\/\" target=\"_self\" >FNME101  MERCEDES-BENZ \u0130\u00c7\u0130N  HAVALANDIRMA \u00c7ER\u00c7EVE KROMU 4 PAR\u00c7A (PRESL\u0130) ACTROS 1845<\/a><\/h3>\n\n<div data-block-name=\"woocommerce\/product-price\" data-is-descendent-of-query-loop=\"true\" data-style=\"{&quot;spacing&quot;:{&quot;margin&quot;:{&quot;bottom&quot;:&quot;0.75rem&quot;,&quot;top&quot;:&quot;0&quot;}}}\" data-text-align=\"center\" style=\"margin-bottom:0.75rem;margin-top:0; margin-bottom:0.75rem;margin-top:0;\" class=\"has-text-align-center wp-block-woocommerce-product-price\" ><div class=\"wc-block-components-product-price wc-block-grid__product-price\" >\n\t\t\t\t\t\n\t\t\t\t<\/div><\/div>\n\n<div data-block-name=\"woocommerce\/product-button\" data-is-descendent-of-query-loop=\"true\" data-style=\"{&quot;spacing&quot;:{&quot;margin&quot;:{&quot;bottom&quot;:&quot;0.75rem&quot;,&quot;top&quot;:&quot;0&quot;}}}\" data-text-align=\"center\" class=\"wp-block-button wc-block-components-product-button   align-center wp-block-woocommerce-product-button\"\n\t\t\t\t\t\n\t\t\t\t\tdata-wp-context='{\"quantityToAdd\":1,\"productId\":1086,\"productType\":\"simple\",\"addToCartText\":\"Devam\\u0131n\\u0131 oku\",\"tempQuantity\":0,\"animationStatus\":\"IDLE\",\"inTheCartText\":\"### sepette\",\"noticeId\":\"\",\"hasPressedButton\":false}'\n\t\t\t\t>\n\t\t\t\t\t<a\n\t\t\t\t\t\tclass=\"wp-block-button__link wp-element-button wc-block-components-product-button__button product_type_simple has-text-align-center wc-interactive\"\n\t\t\t\t\t\tstyle=\"margin-bottom:0.75rem;margin-top:0;\"\n\t\t\t\t\t\thref=\"https:\/\/felipsotomotiv.com.tr\/index.php\/urun\/havalandirma-cerceve-kromu-4-parca-fnme101\/\" rel=\"nofollow\" data-product_id=\"1086\" data-product_sku=\"\" aria-label=\"&ldquo;FNME101  MERCEDES-BENZ \u0130\u00c7\u0130N  HAVALANDIRMA \u00c7ER\u00c7EVE KROMU 4 PAR\u00c7A (PRESL\u0130) ACTROS 1845&rdquo; hakk\u0131nda daha fazla bilgi edinin\"\n\t\t\t\t\t\tdata-wp-on--click=\"woocommerce\/product-collection::actions.viewProduct\"\n\t\t\t\t\t>\n\t\t\t\t\t<span >Devam\u0131n\u0131 oku<\/span>\n\t\t\t\t\t<\/a>\n\t\t\t\t\t\n\t\t\t\t<\/div>\n<\/li><li class=\"wp-block-post post-1088 product type-product status-publish has-post-thumbnail product_cat-mercedes-ic-mekan-aksesuarlari  instock shipping-taxable product-type-simple\">\n<div data-block-name=\"woocommerce\/product-image\" data-is-descendent-of-query-loop=\"true\" class=\"wc-block-components-product-image wc-block-grid__product-image wc-block-components-product-image--aspect-ratio-auto wp-block-woocommerce-product-image\"><a href=\"https:\/\/felipsotomotiv.com.tr\/index.php\/urun\/dolap-kapak-mandali-2-parca-fnme102\/\" style=\"\" data-wp-on--click=\"woocommerce\/product-collection::actions.viewProduct\"><img decoding=\"async\" width=\"600\" height=\"600\" src=\"https:\/\/felipsotomotiv.com.tr\/wp-content\/uploads\/2024\/04\/FNME102-1-600x600.jpg\" class=\"attachment-woocommerce_single size-woocommerce_single\" alt=\"FNME102  MERCEDES-BENZ \u0130\u00c7\u0130N DOLAP KAPAK MANDALI 2 PAR\u00c7A (PRESL\u0130) ACTROS\" data-testid=\"product-image\" data-image-id=\"2106\" style=\"object-fit:cover;\" loading=\"lazy\" srcset=\"https:\/\/felipsotomotiv.com.tr\/wp-content\/uploads\/2024\/04\/FNME102-1-600x600.jpg 600w, https:\/\/felipsotomotiv.com.tr\/wp-content\/uploads\/2024\/04\/FNME102-1-300x300.jpg 300w, https:\/\/felipsotomotiv.com.tr\/wp-content\/uploads\/2024\/04\/FNME102-1-150x150.jpg 150w, https:\/\/felipsotomotiv.com.tr\/wp-content\/uploads\/2024\/04\/FNME102-1.jpg 1000w\" sizes=\"auto, 100vw\" \/><div class=\"wc-block-components-product-image__inner-container\"><\/div><\/a><\/div>\n\n<h3 style=\"margin-bottom:0.75rem;margin-top:0;\" class=\"has-text-align-center wp-block-post-title has-medium-font-size\"><a href=\"https:\/\/felipsotomotiv.com.tr\/index.php\/urun\/dolap-kapak-mandali-2-parca-fnme102\/\" target=\"_self\" >FNME102  MERCEDES-BENZ \u0130\u00c7\u0130N DOLAP KAPAK MANDALI 2 PAR\u00c7A (PRESL\u0130) ACTROS<\/a><\/h3>\n\n<div data-block-name=\"woocommerce\/product-price\" data-is-descendent-of-query-loop=\"true\" data-style=\"{&quot;spacing&quot;:{&quot;margin&quot;:{&quot;bottom&quot;:&quot;0.75rem&quot;,&quot;top&quot;:&quot;0&quot;}}}\" data-text-align=\"center\" style=\"margin-bottom:0.75rem;margin-top:0; margin-bottom:0.75rem;margin-top:0;\" class=\"has-text-align-center wp-block-woocommerce-product-price\" ><div class=\"wc-block-components-product-price wc-block-grid__product-price\" >\n\t\t\t\t\t\n\t\t\t\t<\/div><\/div>\n\n<div data-block-name=\"woocommerce\/product-button\" data-is-descendent-of-query-loop=\"true\" data-style=\"{&quot;spacing&quot;:{&quot;margin&quot;:{&quot;bottom&quot;:&quot;0.75rem&quot;,&quot;top&quot;:&quot;0&quot;}}}\" data-text-align=\"center\" class=\"wp-block-button wc-block-components-product-button   align-center wp-block-woocommerce-product-button\"\n\t\t\t\t\t\n\t\t\t\t\tdata-wp-context='{\"quantityToAdd\":1,\"productId\":1088,\"productType\":\"simple\",\"addToCartText\":\"Devam\\u0131n\\u0131 oku\",\"tempQuantity\":0,\"animationStatus\":\"IDLE\",\"inTheCartText\":\"### sepette\",\"noticeId\":\"\",\"hasPressedButton\":false}'\n\t\t\t\t>\n\t\t\t\t\t<a\n\t\t\t\t\t\tclass=\"wp-block-button__link wp-element-button wc-block-components-product-button__button product_type_simple has-text-align-center wc-interactive\"\n\t\t\t\t\t\tstyle=\"margin-bottom:0.75rem;margin-top:0;\"\n\t\t\t\t\t\thref=\"https:\/\/felipsotomotiv.com.tr\/index.php\/urun\/dolap-kapak-mandali-2-parca-fnme102\/\" rel=\"nofollow\" data-product_id=\"1088\" data-product_sku=\"\" aria-label=\"&ldquo;FNME102  MERCEDES-BENZ \u0130\u00c7\u0130N DOLAP KAPAK MANDALI 2 PAR\u00c7A (PRESL\u0130) ACTROS&rdquo; hakk\u0131nda daha fazla bilgi edinin\"\n\t\t\t\t\t\tdata-wp-on--click=\"woocommerce\/product-collection::actions.viewProduct\"\n\t\t\t\t\t>\n\t\t\t\t\t<span >Devam\u0131n\u0131 oku<\/span>\n\t\t\t\t\t<\/a>\n\t\t\t\t\t\n\t\t\t\t<\/div>\n<\/li><li class=\"wp-block-post post-1091 product type-product status-publish has-post-thumbnail product_cat-mercedes-ic-mekan-aksesuarlari  instock shipping-taxable product-type-simple\">\n<div data-block-name=\"woocommerce\/product-image\" data-is-descendent-of-query-loop=\"true\" class=\"wc-block-components-product-image wc-block-grid__product-image wc-block-components-product-image--aspect-ratio-auto wp-block-woocommerce-product-image\"><a href=\"https:\/\/felipsotomotiv.com.tr\/index.php\/urun\/yolcu-tarafi-alt-havalandirma-kromu-fnme103\/\" style=\"\" data-wp-on--click=\"woocommerce\/product-collection::actions.viewProduct\"><img decoding=\"async\" width=\"600\" height=\"600\" src=\"https:\/\/felipsotomotiv.com.tr\/wp-content\/uploads\/2024\/04\/FNME103-1-600x600.jpg\" class=\"attachment-woocommerce_single size-woocommerce_single\" alt=\"FNME103  MERCEDES-BENZ \u0130\u00c7\u0130N  YOLCU TARAFI ALT HAVALANDIRMA KROMU (PRESL\u0130) ACTROS\" data-testid=\"product-image\" data-image-id=\"2107\" style=\"object-fit:cover;\" loading=\"lazy\" srcset=\"https:\/\/felipsotomotiv.com.tr\/wp-content\/uploads\/2024\/04\/FNME103-1-600x600.jpg 600w, https:\/\/felipsotomotiv.com.tr\/wp-content\/uploads\/2024\/04\/FNME103-1-300x300.jpg 300w, https:\/\/felipsotomotiv.com.tr\/wp-content\/uploads\/2024\/04\/FNME103-1-150x150.jpg 150w, https:\/\/felipsotomotiv.com.tr\/wp-content\/uploads\/2024\/04\/FNME103-1.jpg 1000w\" sizes=\"auto, 100vw\" \/><div class=\"wc-block-components-product-image__inner-container\"><\/div><\/a><\/div>\n\n<h3 style=\"margin-bottom:0.75rem;margin-top:0;\" class=\"has-text-align-center wp-block-post-title has-medium-font-size\"><a href=\"https:\/\/felipsotomotiv.com.tr\/index.php\/urun\/yolcu-tarafi-alt-havalandirma-kromu-fnme103\/\" target=\"_self\" >FNME103  MERCEDES-BENZ \u0130\u00c7\u0130N  YOLCU TARAFI ALT HAVALANDIRMA KROMU (PRESL\u0130) ACTROS<\/a><\/h3>\n\n<div data-block-name=\"woocommerce\/product-price\" data-is-descendent-of-query-loop=\"true\" data-style=\"{&quot;spacing&quot;:{&quot;margin&quot;:{&quot;bottom&quot;:&quot;0.75rem&quot;,&quot;top&quot;:&quot;0&quot;}}}\" data-text-align=\"center\" style=\"margin-bottom:0.75rem;margin-top:0; margin-bottom:0.75rem;margin-top:0;\" class=\"has-text-align-center wp-block-woocommerce-product-price\" ><div class=\"wc-block-components-product-price wc-block-grid__product-price\" >\n\t\t\t\t\t\n\t\t\t\t<\/div><\/div>\n\n<div data-block-name=\"woocommerce\/product-button\" data-is-descendent-of-query-loop=\"true\" data-style=\"{&quot;spacing&quot;:{&quot;margin&quot;:{&quot;bottom&quot;:&quot;0.75rem&quot;,&quot;top&quot;:&quot;0&quot;}}}\" data-text-align=\"center\" class=\"wp-block-button wc-block-components-product-button   align-center wp-block-woocommerce-product-button\"\n\t\t\t\t\t\n\t\t\t\t\tdata-wp-context='{\"quantityToAdd\":1,\"productId\":1091,\"productType\":\"simple\",\"addToCartText\":\"Devam\\u0131n\\u0131 oku\",\"tempQuantity\":0,\"animationStatus\":\"IDLE\",\"inTheCartText\":\"### sepette\",\"noticeId\":\"\",\"hasPressedButton\":false}'\n\t\t\t\t>\n\t\t\t\t\t<a\n\t\t\t\t\t\tclass=\"wp-block-button__link wp-element-button wc-block-components-product-button__button product_type_simple has-text-align-center wc-interactive\"\n\t\t\t\t\t\tstyle=\"margin-bottom:0.75rem;margin-top:0;\"\n\t\t\t\t\t\thref=\"https:\/\/felipsotomotiv.com.tr\/index.php\/urun\/yolcu-tarafi-alt-havalandirma-kromu-fnme103\/\" rel=\"nofollow\" data-product_id=\"1091\" data-product_sku=\"\" aria-label=\"&ldquo;FNME103  MERCEDES-BENZ \u0130\u00c7\u0130N  YOLCU TARAFI ALT HAVALANDIRMA KROMU (PRESL\u0130) ACTROS&rdquo; hakk\u0131nda daha fazla bilgi edinin\"\n\t\t\t\t\t\tdata-wp-on--click=\"woocommerce\/product-collection::actions.viewProduct\"\n\t\t\t\t\t>\n\t\t\t\t\t<span >Devam\u0131n\u0131 oku<\/span>\n\t\t\t\t\t<\/a>\n\t\t\t\t\t\n\t\t\t\t<\/div>\n<\/li><li class=\"wp-block-post post-1098 product type-product status-publish has-post-thumbnail product_cat-mercedes-ic-mekan-aksesuarlari last instock shipping-taxable product-type-simple\">\n<div data-block-name=\"woocommerce\/product-image\" data-is-descendent-of-query-loop=\"true\" class=\"wc-block-components-product-image wc-block-grid__product-image wc-block-components-product-image--aspect-ratio-auto wp-block-woocommerce-product-image\"><a href=\"https:\/\/felipsotomotiv.com.tr\/index.php\/urun\/yolcu-onu-konsol-kromu-fnme104\/\" style=\"\" data-wp-on--click=\"woocommerce\/product-collection::actions.viewProduct\"><img decoding=\"async\" width=\"600\" height=\"600\" src=\"https:\/\/felipsotomotiv.com.tr\/wp-content\/uploads\/2024\/04\/FNME104-1-600x600.jpg\" class=\"attachment-woocommerce_single size-woocommerce_single\" alt=\"FNME104 MERCEDES-BENZ \u0130\u00c7\u0130N YOLCU \u00d6N\u00dc KONSOL KROMU (PRESL\u0130) ACTROS\" data-testid=\"product-image\" data-image-id=\"2108\" style=\"object-fit:cover;\" loading=\"lazy\" srcset=\"https:\/\/felipsotomotiv.com.tr\/wp-content\/uploads\/2024\/04\/FNME104-1-600x600.jpg 600w, https:\/\/felipsotomotiv.com.tr\/wp-content\/uploads\/2024\/04\/FNME104-1-300x300.jpg 300w, https:\/\/felipsotomotiv.com.tr\/wp-content\/uploads\/2024\/04\/FNME104-1-150x150.jpg 150w, https:\/\/felipsotomotiv.com.tr\/wp-content\/uploads\/2024\/04\/FNME104-1.jpg 1000w\" sizes=\"auto, 100vw\" \/><div class=\"wc-block-components-product-image__inner-container\"><\/div><\/a><\/div>\n\n<h3 style=\"margin-bottom:0.75rem;margin-top:0;\" class=\"has-text-align-center wp-block-post-title has-medium-font-size\"><a href=\"https:\/\/felipsotomotiv.com.tr\/index.php\/urun\/yolcu-onu-konsol-kromu-fnme104\/\" target=\"_self\" >FNME104 MERCEDES-BENZ \u0130\u00c7\u0130N YOLCU \u00d6N\u00dc KONSOL KROMU (PRESL\u0130) ACTROS<\/a><\/h3>\n\n<div data-block-name=\"woocommerce\/product-price\" data-is-descendent-of-query-loop=\"true\" data-style=\"{&quot;spacing&quot;:{&quot;margin&quot;:{&quot;bottom&quot;:&quot;0.75rem&quot;,&quot;top&quot;:&quot;0&quot;}}}\" data-text-align=\"center\" style=\"margin-bottom:0.75rem;margin-top:0; margin-bottom:0.75rem;margin-top:0;\" class=\"has-text-align-center wp-block-woocommerce-product-price\" ><div class=\"wc-block-components-product-price wc-block-grid__product-price\" >\n\t\t\t\t\t\n\t\t\t\t<\/div><\/div>\n\n<div data-block-name=\"woocommerce\/product-button\" data-is-descendent-of-query-loop=\"true\" data-style=\"{&quot;spacing&quot;:{&quot;margin&quot;:{&quot;bottom&quot;:&quot;0.75rem&quot;,&quot;top&quot;:&quot;0&quot;}}}\" data-text-align=\"center\" class=\"wp-block-button wc-block-components-product-button   align-center wp-block-woocommerce-product-button\"\n\t\t\t\t\t\n\t\t\t\t\tdata-wp-context='{\"quantityToAdd\":1,\"productId\":1098,\"productType\":\"simple\",\"addToCartText\":\"Devam\\u0131n\\u0131 oku\",\"tempQuantity\":0,\"animationStatus\":\"IDLE\",\"inTheCartText\":\"### sepette\",\"noticeId\":\"\",\"hasPressedButton\":false}'\n\t\t\t\t>\n\t\t\t\t\t<a\n\t\t\t\t\t\tclass=\"wp-block-button__link wp-element-button wc-block-components-product-button__button product_type_simple has-text-align-center wc-interactive\"\n\t\t\t\t\t\tstyle=\"margin-bottom:0.75rem;margin-top:0;\"\n\t\t\t\t\t\thref=\"https:\/\/felipsotomotiv.com.tr\/index.php\/urun\/yolcu-onu-konsol-kromu-fnme104\/\" rel=\"nofollow\" data-product_id=\"1098\" data-product_sku=\"\" aria-label=\"&ldquo;FNME104 MERCEDES-BENZ \u0130\u00c7\u0130N YOLCU \u00d6N\u00dc KONSOL KROMU (PRESL\u0130) ACTROS&rdquo; hakk\u0131nda daha fazla bilgi edinin\"\n\t\t\t\t\t\tdata-wp-on--click=\"woocommerce\/product-collection::actions.viewProduct\"\n\t\t\t\t\t>\n\t\t\t\t\t<span >Devam\u0131n\u0131 oku<\/span>\n\t\t\t\t\t<\/a>\n\t\t\t\t\t\n\t\t\t\t<\/div>\n<\/li><li class=\"wp-block-post post-1487 product type-product status-publish has-post-thumbnail product_cat-mercedes-ic-mekan-aksesuarlari first instock shipping-taxable product-type-simple\">\n<div data-block-name=\"woocommerce\/product-image\" data-is-descendent-of-query-loop=\"true\" class=\"wc-block-components-product-image wc-block-grid__product-image wc-block-components-product-image--aspect-ratio-auto wp-block-woocommerce-product-image\"><a href=\"https:\/\/felipsotomotiv.com.tr\/index.php\/urun\/fnme105-mercedes-benz-icin-havalandirma-cerceve-kromu-4-parca-presli-mp4\/\" style=\"\" data-wp-on--click=\"woocommerce\/product-collection::actions.viewProduct\"><img decoding=\"async\" width=\"600\" height=\"600\" src=\"https:\/\/felipsotomotiv.com.tr\/wp-content\/uploads\/2024\/04\/FNME101_B-1-600x600.jpg\" class=\"attachment-woocommerce_single size-woocommerce_single\" alt=\"FNME105 MERCEDES-BENZ \u0130\u00c7\u0130N HAVALANDIRMA \u00c7ER\u00c7EVE KROMU 4 PAR\u00c7A (PRESL\u0130) MP4\" data-testid=\"product-image\" data-image-id=\"2105\" style=\"object-fit:cover;\" loading=\"lazy\" srcset=\"https:\/\/felipsotomotiv.com.tr\/wp-content\/uploads\/2024\/04\/FNME101_B-1-600x600.jpg 600w, https:\/\/felipsotomotiv.com.tr\/wp-content\/uploads\/2024\/04\/FNME101_B-1-300x300.jpg 300w, https:\/\/felipsotomotiv.com.tr\/wp-content\/uploads\/2024\/04\/FNME101_B-1-150x150.jpg 150w, https:\/\/felipsotomotiv.com.tr\/wp-content\/uploads\/2024\/04\/FNME101_B-1.jpg 1000w\" sizes=\"auto, 100vw\" \/><div class=\"wc-block-components-product-image__inner-container\"><\/div><\/a><\/div>\n\n<h3 style=\"margin-bottom:0.75rem;margin-top:0;\" class=\"has-text-align-center wp-block-post-title has-medium-font-size\"><a href=\"https:\/\/felipsotomotiv.com.tr\/index.php\/urun\/fnme105-mercedes-benz-icin-havalandirma-cerceve-kromu-4-parca-presli-mp4\/\" target=\"_self\" >FNME105 MERCEDES-BENZ \u0130\u00c7\u0130N HAVALANDIRMA \u00c7ER\u00c7EVE KROMU 4 PAR\u00c7A (PRESL\u0130) MP4<\/a><\/h3>\n\n<div data-block-name=\"woocommerce\/product-price\" data-is-descendent-of-query-loop=\"true\" data-style=\"{&quot;spacing&quot;:{&quot;margin&quot;:{&quot;bottom&quot;:&quot;0.75rem&quot;,&quot;top&quot;:&quot;0&quot;}}}\" data-text-align=\"center\" style=\"margin-bottom:0.75rem;margin-top:0; margin-bottom:0.75rem;margin-top:0;\" class=\"has-text-align-center wp-block-woocommerce-product-price\" ><div class=\"wc-block-components-product-price wc-block-grid__product-price\" >\n\t\t\t\t\t\n\t\t\t\t<\/div><\/div>\n\n<div data-block-name=\"woocommerce\/product-button\" data-is-descendent-of-query-loop=\"true\" data-style=\"{&quot;spacing&quot;:{&quot;margin&quot;:{&quot;bottom&quot;:&quot;0.75rem&quot;,&quot;top&quot;:&quot;0&quot;}}}\" data-text-align=\"center\" class=\"wp-block-button wc-block-components-product-button   align-center wp-block-woocommerce-product-button\"\n\t\t\t\t\t\n\t\t\t\t\tdata-wp-context='{\"quantityToAdd\":1,\"productId\":1487,\"productType\":\"simple\",\"addToCartText\":\"Devam\\u0131n\\u0131 oku\",\"tempQuantity\":0,\"animationStatus\":\"IDLE\",\"inTheCartText\":\"### sepette\",\"noticeId\":\"\",\"hasPressedButton\":false}'\n\t\t\t\t>\n\t\t\t\t\t<a\n\t\t\t\t\t\tclass=\"wp-block-button__link wp-element-button wc-block-components-product-button__button product_type_simple has-text-align-center wc-interactive\"\n\t\t\t\t\t\tstyle=\"margin-bottom:0.75rem;margin-top:0;\"\n\t\t\t\t\t\thref=\"https:\/\/felipsotomotiv.com.tr\/index.php\/urun\/fnme105-mercedes-benz-icin-havalandirma-cerceve-kromu-4-parca-presli-mp4\/\" rel=\"nofollow\" data-product_id=\"1487\" data-product_sku=\"\" aria-label=\"&ldquo;FNME105 MERCEDES-BENZ \u0130\u00c7\u0130N HAVALANDIRMA \u00c7ER\u00c7EVE KROMU 4 PAR\u00c7A (PRESL\u0130) MP4&rdquo; hakk\u0131nda daha fazla bilgi edinin\"\n\t\t\t\t\t\tdata-wp-on--click=\"woocommerce\/product-collection::actions.viewProduct\"\n\t\t\t\t\t>\n\t\t\t\t\t<span >Devam\u0131n\u0131 oku<\/span>\n\t\t\t\t\t<\/a>\n\t\t\t\t\t\n\t\t\t\t<\/div>\n<\/li><li class=\"wp-block-post post-1489 product type-product status-publish has-post-thumbnail product_cat-mercedes-ic-mekan-aksesuarlari  instock shipping-taxable product-type-simple\">\n<div data-block-name=\"woocommerce\/product-image\" data-is-descendent-of-query-loop=\"true\" class=\"wc-block-components-product-image wc-block-grid__product-image wc-block-components-product-image--aspect-ratio-auto wp-block-woocommerce-product-image\"><a href=\"https:\/\/felipsotomotiv.com.tr\/index.php\/urun\/fnme106-mercedes-benz-icin-tweeter-hoparlor-kromu-presli-actros\/\" style=\"\" data-wp-on--click=\"woocommerce\/product-collection::actions.viewProduct\"><img decoding=\"async\" width=\"600\" height=\"600\" src=\"https:\/\/felipsotomotiv.com.tr\/wp-content\/uploads\/2024\/05\/FNSC110-1-600x600.jpg\" class=\"attachment-woocommerce_single size-woocommerce_single\" alt=\"FNME106 MERCEDES-BENZ \u0130\u00c7\u0130N TWEETER HOPARL\u00d6R KROMU (PRESL\u0130) ACTROS\" data-testid=\"product-image\" data-image-id=\"2109\" style=\"object-fit:cover;\" loading=\"lazy\" srcset=\"https:\/\/felipsotomotiv.com.tr\/wp-content\/uploads\/2024\/05\/FNSC110-1-600x600.jpg 600w, https:\/\/felipsotomotiv.com.tr\/wp-content\/uploads\/2024\/05\/FNSC110-1-300x300.jpg 300w, https:\/\/felipsotomotiv.com.tr\/wp-content\/uploads\/2024\/05\/FNSC110-1-150x150.jpg 150w, https:\/\/felipsotomotiv.com.tr\/wp-content\/uploads\/2024\/05\/FNSC110-1.jpg 1000w\" sizes=\"auto, 100vw\" \/><div class=\"wc-block-components-product-image__inner-container\"><\/div><\/a><\/div>\n\n<h3 style=\"margin-bottom:0.75rem;margin-top:0;\" class=\"has-text-align-center wp-block-post-title has-medium-font-size\"><a href=\"https:\/\/felipsotomotiv.com.tr\/index.php\/urun\/fnme106-mercedes-benz-icin-tweeter-hoparlor-kromu-presli-actros\/\" target=\"_self\" >FNME106 MERCEDES-BENZ \u0130\u00c7\u0130N TWEETER HOPARL\u00d6R KROMU (PRESL\u0130) ACTROS<\/a><\/h3>\n\n<div data-block-name=\"woocommerce\/product-price\" data-is-descendent-of-query-loop=\"true\" data-style=\"{&quot;spacing&quot;:{&quot;margin&quot;:{&quot;bottom&quot;:&quot;0.75rem&quot;,&quot;top&quot;:&quot;0&quot;}}}\" data-text-align=\"center\" style=\"margin-bottom:0.75rem;margin-top:0; margin-bottom:0.75rem;margin-top:0;\" class=\"has-text-align-center wp-block-woocommerce-product-price\" ><div class=\"wc-block-components-product-price wc-block-grid__product-price\" >\n\t\t\t\t\t\n\t\t\t\t<\/div><\/div>\n\n<div data-block-name=\"woocommerce\/product-button\" data-is-descendent-of-query-loop=\"true\" data-style=\"{&quot;spacing&quot;:{&quot;margin&quot;:{&quot;bottom&quot;:&quot;0.75rem&quot;,&quot;top&quot;:&quot;0&quot;}}}\" data-text-align=\"center\" class=\"wp-block-button wc-block-components-product-button   align-center wp-block-woocommerce-product-button\"\n\t\t\t\t\t\n\t\t\t\t\tdata-wp-context='{\"quantityToAdd\":1,\"productId\":1489,\"productType\":\"simple\",\"addToCartText\":\"Devam\\u0131n\\u0131 oku\",\"tempQuantity\":0,\"animationStatus\":\"IDLE\",\"inTheCartText\":\"### sepette\",\"noticeId\":\"\",\"hasPressedButton\":false}'\n\t\t\t\t>\n\t\t\t\t\t<a\n\t\t\t\t\t\tclass=\"wp-block-button__link wp-element-button wc-block-components-product-button__button product_type_simple has-text-align-center wc-interactive\"\n\t\t\t\t\t\tstyle=\"margin-bottom:0.75rem;margin-top:0;\"\n\t\t\t\t\t\thref=\"https:\/\/felipsotomotiv.com.tr\/index.php\/urun\/fnme106-mercedes-benz-icin-tweeter-hoparlor-kromu-presli-actros\/\" rel=\"nofollow\" data-product_id=\"1489\" data-product_sku=\"\" aria-label=\"&ldquo;FNME106 MERCEDES-BENZ \u0130\u00c7\u0130N TWEETER HOPARL\u00d6R KROMU (PRESL\u0130) ACTROS&rdquo; hakk\u0131nda daha fazla bilgi edinin\"\n\t\t\t\t\t\tdata-wp-on--click=\"woocommerce\/product-collection::actions.viewProduct\"\n\t\t\t\t\t>\n\t\t\t\t\t<span >Devam\u0131n\u0131 oku<\/span>\n\t\t\t\t\t<\/a>\n\t\t\t\t\t\n\t\t\t\t<\/div>\n<\/li><\/ul>\n\n\n\n<\/div>\n","protected":false},"excerpt":{"rendered":"","protected":false},"author":1,"featured_media":0,"parent":0,"menu_order":0,"comment_status":"closed","ping_status":"closed","template":"","meta":{"inspiro_hide_title":false,"footnotes":""},"class_list":["post-1082","page","type-page","status-publish","hentry"],"_links":{"self":[{"href":"https:\/\/felipsotomotiv.com.tr\/index.php\/wp-json\/wp\/v2\/pages\/1082","targetHints":{"allow":["GET"]}}],"collection":[{"href":"https:\/\/felipsotomotiv.com.tr\/index.php\/wp-json\/wp\/v2\/pages"}],"about":[{"href":"https:\/\/felipsotomotiv.com.tr\/index.php\/wp-json\/wp\/v2\/types\/page"}],"author":[{"embeddable":true,"href":"https:\/\/felipsotomotiv.com.tr\/index.php\/wp-json\/wp\/v2\/users\/1"}],"replies":[{"embeddable":true,"href":"https:\/\/felipsotomotiv.com.tr\/index.php\/wp-json\/wp\/v2\/comments?post=1082"}],"version-history":[{"count":2,"href":"https:\/\/felipsotomotiv.com.tr\/index.php\/wp-json\/wp\/v2\/pages\/1082\/revisions"}],"predecessor-version":[{"id":1346,"href":"https:\/\/felipsotomotiv.com.tr\/index.php\/wp-json\/wp\/v2\/pages\/1082\/revisions\/1346"}],"wp:attachment":[{"href":"https:\/\/felipsotomotiv.com.tr\/index.php\/wp-json\/wp\/v2\/media?parent=1082"}],"curies":[{"name":"wp","href":"https:\/\/api.w.org\/{rel}","templated":true}]}}