{"id":10,"date":"2024-04-20T23:21:36","date_gmt":"2024-04-20T20:21:36","guid":{"rendered":"https:\/\/felipsotomotiv.com.tr\/?page_id=10"},"modified":"2025-06-23T17:11:11","modified_gmt":"2025-06-23T14:11:11","slug":"iletisim-2","status":"publish","type":"page","link":"https:\/\/felipsotomotiv.com.tr\/index.php\/iletisim-2\/","title":{"rendered":"\u0130leti\u015fim"},"content":{"rendered":"\n<div class=\"wp-block-group alignfull has-global-padding is-layout-constrained wp-container-core-group-is-layout-19e250f3 wp-block-group-is-layout-constrained\">\n<div class=\"wp-block-columns alignfull are-vertically-aligned-center has-light-background-background-color has-background is-layout-flex wp-container-core-columns-is-layout-dd282781 wp-block-columns-is-layout-flex\" style=\"padding-top:0;padding-right:0;padding-bottom:0;padding-left:0\">\n<div class=\"wp-block-column is-vertically-aligned-center map-grayscale is-layout-flow wp-block-column-is-layout-flow\" style=\"flex-basis:50%\">\n<iframe src=\"https:\/\/www.google.com\/maps\/embed?pb=!1m14!1m8!1m3!1d380.8233649214575!2d29.0650564!3d40.2182508!3m2!1i1024!2i768!4f13.1!3m3!1m2!1s0x14ca3e3693525599%3A0xb10e3c5fa293003!2zQWx0xLFub3ZhLCAyLiDDh8SxbmFyIFNrLiBObzo5LCAxNjI1MCBPc21hbmdhemkvQnVyc2E!5e0!3m2!1str!2str!4v1713805981462!5m2!1str!2str\" width=\"800\" height=\"450\" style=\"border:0;\" allowfullscreen=\"\" loading=\"lazy\" referrerpolicy=\"no-referrer-when-downgrade\"><\/iframe>\n<\/div>\n\n\n\n<div class=\"wp-block-column is-vertically-aligned-center is-layout-flow wp-block-column-is-layout-flow\" style=\"padding-top:var(--wp--preset--spacing--small);padding-right:var(--wp--preset--spacing--small);padding-bottom:var(--wp--preset--spacing--small);padding-left:2%;flex-basis:50%\">\n<h3 class=\"wp-block-heading has-large-font-size\"><\/h3>\n\n\n\n<p><\/p>\n\n\n\n<h3 class=\"wp-block-heading\"><strong>Adres<\/strong><\/h3>\n\n\n\n<p>Alt\u0131nova Mah. 22. \u00c7\u0131nar Sk. No: 9 Osmangazi \/ BURSA<\/p>\n\n\n\n<p>1158 Budapest, H\u0171t\u0151 utca 1 \/ MACAR\u0130STAN<\/p>\n\n\n\n<h3 class=\"wp-block-heading\"><strong>Mail<\/strong><\/h3>\n\n\n\n<p>info@felipsotomotiv.com.tr<\/p>\n\n\n\n<h3 class=\"wp-block-heading\"><strong>Telefon Numaras\u0131<\/strong><\/h3>\n\n\n\n<p>+90 536 219 82 43 (TR\/EN)<\/p>\n<\/div>\n<\/div>\n<\/div>\n","protected":false},"excerpt":{"rendered":"<p>Adres Alt\u0131nova Mah. 22. \u00c7\u0131nar Sk. No: 9 Osmangazi \/ BURSA 1158 Budapest, H\u0171t\u0151 utca 1 \/ MACAR\u0130STAN Mail info@felipsotomotiv.com.tr Telefon Numaras\u0131 +90 536 219 82 43 (TR\/EN)<\/p>\n","protected":false},"author":1,"featured_media":0,"parent":0,"menu_order":0,"comment_status":"closed","ping_status":"closed","template":"","meta":{"inspiro_hide_title":false,"footnotes":""},"class_list":["post-10","page","type-page","status-publish","hentry"],"_links":{"self":[{"href":"https:\/\/felipsotomotiv.com.tr\/index.php\/wp-json\/wp\/v2\/pages\/10","targetHints":{"allow":["GET"]}}],"collection":[{"href":"https:\/\/felipsotomotiv.com.tr\/index.php\/wp-json\/wp\/v2\/pages"}],"about":[{"href":"https:\/\/felipsotomotiv.com.tr\/index.php\/wp-json\/wp\/v2\/types\/page"}],"author":[{"embeddable":true,"href":"https:\/\/felipsotomotiv.com.tr\/index.php\/wp-json\/wp\/v2\/users\/1"}],"replies":[{"embeddable":true,"href":"https:\/\/felipsotomotiv.com.tr\/index.php\/wp-json\/wp\/v2\/comments?post=10"}],"version-history":[{"count":15,"href":"https:\/\/felipsotomotiv.com.tr\/index.php\/wp-json\/wp\/v2\/pages\/10\/revisions"}],"predecessor-version":[{"id":2443,"href":"https:\/\/felipsotomotiv.com.tr\/index.php\/wp-json\/wp\/v2\/pages\/10\/revisions\/2443"}],"wp:attachment":[{"href":"https:\/\/felipsotomotiv.com.tr\/index.php\/wp-json\/wp\/v2\/media?parent=10"}],"curies":[{"name":"wp","href":"https:\/\/api.w.org\/{rel}","templated":true}]}}